{"id":73,"date":"2019-07-24T14:35:32","date_gmt":"2019-07-24T14:35:32","guid":{"rendered":"https:\/\/originsproject.eu\/?page_id=73"},"modified":"2019-08-02T14:20:19","modified_gmt":"2019-08-02T14:20:19","slug":"starters","status":"publish","type":"page","link":"https:\/\/originsproject.eu\/?page_id=73","title":{"rendered":"Starters"},"content":{"rendered":"<div>\n    Lors de votre r\u00e9veil, vous n&rsquo;avez aucun Pok\u00e9mon.\nCependant, il est indispensable d&rsquo;en trouver un pour partir sur les routes.\nIl semble qu&rsquo;un ermite vivant dans une caverne cach\u00e9e peut vous venir en aide&#8230;\n\u00c0 l&rsquo;issue d&rsquo;un questionnaire pour d\u00e9terminer quel Pok\u00e9mon vous correspond,\nvous aurez le choix entre 2 starters.\nVoici ceux que vous \u00eates susceptibles d&rsquo;obtenir :<\/div>\n<div id=\"startersContainer\" class=\"alignwide\"><\/div>","protected":false},"excerpt":{"rendered":"Lors de votre r\u00e9veil, vous n&rsquo;avez aucun Pok\u00e9mon. Cependant, il est indispensable d&rsquo;en trouver un pour partir sur les routes. Il semble qu&rsquo;un ermite vivant dans une caverne cach\u00e9e peut vous venir en aide&#8230; \u00c0 l&rsquo;issue d&rsquo;un questionnaire pour d\u00e9terminer quel Pok\u00e9mon vous correspond, vous aurez le choix entre 2 [&hellip;]","protected":false},"author":1,"featured_media":0,"parent":49,"menu_order":0,"comment_status":"closed","ping_status":"closed","template":"","meta":{"footnotes":""},"class_list":["post-73","page","type-page","status-publish","hentry"],"_links":{"self":[{"href":"https:\/\/originsproject.eu\/index.php?rest_route=\/wp\/v2\/pages\/73","targetHints":{"allow":["GET"]}}],"collection":[{"href":"https:\/\/originsproject.eu\/index.php?rest_route=\/wp\/v2\/pages"}],"about":[{"href":"https:\/\/originsproject.eu\/index.php?rest_route=\/wp\/v2\/types\/page"}],"author":[{"embeddable":true,"href":"https:\/\/originsproject.eu\/index.php?rest_route=\/wp\/v2\/users\/1"}],"replies":[{"embeddable":true,"href":"https:\/\/originsproject.eu\/index.php?rest_route=%2Fwp%2Fv2%2Fcomments&post=73"}],"version-history":[{"count":7,"href":"https:\/\/originsproject.eu\/index.php?rest_route=\/wp\/v2\/pages\/73\/revisions"}],"predecessor-version":[{"id":400,"href":"https:\/\/originsproject.eu\/index.php?rest_route=\/wp\/v2\/pages\/73\/revisions\/400"}],"up":[{"embeddable":true,"href":"https:\/\/originsproject.eu\/index.php?rest_route=\/wp\/v2\/pages\/49"}],"wp:attachment":[{"href":"https:\/\/originsproject.eu\/index.php?rest_route=%2Fwp%2Fv2%2Fmedia&parent=73"}],"curies":[{"name":"wp","href":"https:\/\/api.w.org\/{rel}","templated":true}]}}