{"id":67,"date":"2019-07-24T14:34:53","date_gmt":"2019-07-24T14:34:53","guid":{"rendered":"https:\/\/originsproject.eu\/?page_id=67"},"modified":"2019-07-29T20:57:18","modified_gmt":"2019-07-29T20:57:18","slug":"synopsis","status":"publish","type":"page","link":"https:\/\/originsproject.eu\/?page_id=67","title":{"rendered":"Synopsis"},"content":{"rendered":"\n<p>Par une sombre nuit d&rsquo;orage, quelque chose se trame dans l&rsquo;ombre. Deux personnes pr\u00e9parent quelque chose dont elles n&rsquo;ont pas l&rsquo;air fi\u00e8res. Tout \u00e0 coup, un \u00e9tranger surgit de nulle part et un accident survient&#8230;<\/p>\n\n\n\n<p>Cette sc\u00e8ne est assez floue et incompr\u00e9hensible. Vous n&rsquo;avez gard\u00e9 en m\u00e9moire que les sons. Vous ne vous souvenez d&rsquo;aucune image.<\/p>\n\n\n\n<p>Apr\u00e8s cette \u00e9trange vision, vous voil\u00e0 r\u00e9veill\u00e9 dans une demeure inconnue. La jeune femme qui vous accueille vous explique que son p\u00e8re vous a trouv\u00e9 sans connaissance non loin d&rsquo;ici, vous a ramen\u00e9 chez lui et a veill\u00e9 \u00e0 votre bon r\u00e9tablissement.<\/p>\n\n\n\n<div class=\"wp-block-columns has-3-columns is-layout-flex wp-container-core-columns-is-layout-1 wp-block-columns-is-layout-flex\">\n<div class=\"wp-block-column is-layout-flow wp-block-column-is-layout-flow\">\n<div class=\"wp-block-image\"><figure class=\"aligncenter\"><img loading=\"lazy\" decoding=\"async\" width=\"46\" height=\"46\" src=\"https:\/\/originsproject.eu\/wp-content\/uploads\/2019\/07\/Face-h\u00e9ros.png\" alt=\"\" class=\"wp-image-299\"\/><figcaption> Le h\u00e9ros<\/figcaption><\/figure><\/div>\n<\/div>\n\n\n\n<div class=\"wp-block-column is-layout-flow wp-block-column-is-layout-flow\">\n<div class=\"wp-block-image\"><figure class=\"aligncenter\"><img loading=\"lazy\" decoding=\"async\" width=\"46\" height=\"46\" src=\"https:\/\/originsproject.eu\/wp-content\/uploads\/2019\/07\/Face-Jessica.png\" alt=\"\" class=\"wp-image-300\"\/><figcaption> Jessica <\/figcaption><\/figure><\/div>\n<\/div>\n\n\n\n<div class=\"wp-block-column is-layout-flow wp-block-column-is-layout-flow\">\n<div class=\"wp-block-image\"><figure class=\"aligncenter\"><img loading=\"lazy\" decoding=\"async\" width=\"46\" height=\"46\" src=\"https:\/\/originsproject.eu\/wp-content\/uploads\/2019\/07\/Face-G\u00e9rard.png\" alt=\"\" class=\"wp-image-301\"\/><figcaption>G\u00e9rard<\/figcaption><\/figure><\/div>\n<\/div>\n<\/div>\n\n\n\n<p>Elle vous demande alors ce qui vous est arriv\u00e9. Avec horreur, vous constatez que vous ne vous souvenez de rien \u00e0 part votre nom. Vous ignorez qui vous \u00eates&#8230;<\/p>\n\n\n\n<p>Par la suite, elle vous informe que les conflits d\u00e9chirent la r\u00e9gion depuis quelques temps. 4 confr\u00e9ries s&rsquo;affrontent pour une raison inconnue. Le camp dans lequel vous vous trouvez accueille des r\u00e9fugi\u00e9s ayant fui leur village, Rocambur. Celui-ci a \u00e9t\u00e9 d\u00e9vast\u00e9 par l&rsquo;une de ces confr\u00e9ries.<\/p>\n\n\n\n<p>Puis, le p\u00e8re de la jeune femme entre dans la maison pour la pr\u00e9venir que les guerriers se rapprochent de leur camp. Il apprend que vous \u00eates amn\u00e9sique et d\u00e9cide donc de vous raconter l&rsquo;histoire des 4 Confr\u00e9ries.<\/p>\n\n\n\n<div class=\"wp-block-image\"><figure class=\"aligncenter\"><img loading=\"lazy\" decoding=\"async\" width=\"552\" height=\"1024\" src=\"https:\/\/originsproject.eu\/wp-content\/uploads\/2019\/07\/Parchemin-552x1024.png\" alt=\"\" class=\"wp-image-324\" srcset=\"https:\/\/originsproject.eu\/wp-content\/uploads\/2019\/07\/Parchemin-552x1024.png 552w, https:\/\/originsproject.eu\/wp-content\/uploads\/2019\/07\/Parchemin-162x300.png 162w, https:\/\/originsproject.eu\/wp-content\/uploads\/2019\/07\/Parchemin.png 689w\" sizes=\"auto, (max-width: 552px) 100vw, 552px\" \/><\/figure><\/div>\n\n\n\n<p>En qu\u00eate de votre pass\u00e9 et touch\u00e9 par l&rsquo;histoire de ces gens pleins de valeurs, vous d\u00e9cidez de partir en direction de leur village. Ce p\u00e9riple sera l&rsquo;occasion de lib\u00e9rer ce village du joug de la confr\u00e9rie de la Terre qui l&rsquo;a envahi !<\/p>\n\n\n\n<p>Arriverez-vous \u00e0 reconstituer petit \u00e0 petit, le puzzle de votre m\u00e9moire ?<br>Vous sentez-vous capable de vous battre seul contre 4 organisations ?<br>Quelles sont r\u00e9ellement les origines de ce conflit ?<br>Vous le d\u00e9couvrirez, t\u00f4t ou tard, au cours de cette aventure passionnante.<\/p>\n","protected":false},"excerpt":{"rendered":"Par une sombre nuit d&rsquo;orage, quelque chose se trame dans l&rsquo;ombre. Deux personnes pr\u00e9parent quelque chose dont elles n&rsquo;ont pas l&rsquo;air fi\u00e8res. Tout \u00e0 coup, un \u00e9tranger surgit de nulle part et un accident survient&#8230; Cette sc\u00e8ne est assez floue et incompr\u00e9hensible. Vous n&rsquo;avez gard\u00e9 en m\u00e9moire que les sons. [&hellip;]","protected":false},"author":1,"featured_media":0,"parent":49,"menu_order":0,"comment_status":"closed","ping_status":"closed","template":"","meta":{"footnotes":""},"class_list":["post-67","page","type-page","status-publish","hentry"],"_links":{"self":[{"href":"https:\/\/originsproject.eu\/index.php?rest_route=\/wp\/v2\/pages\/67","targetHints":{"allow":["GET"]}}],"collection":[{"href":"https:\/\/originsproject.eu\/index.php?rest_route=\/wp\/v2\/pages"}],"about":[{"href":"https:\/\/originsproject.eu\/index.php?rest_route=\/wp\/v2\/types\/page"}],"author":[{"embeddable":true,"href":"https:\/\/originsproject.eu\/index.php?rest_route=\/wp\/v2\/users\/1"}],"replies":[{"embeddable":true,"href":"https:\/\/originsproject.eu\/index.php?rest_route=%2Fwp%2Fv2%2Fcomments&post=67"}],"version-history":[{"count":11,"href":"https:\/\/originsproject.eu\/index.php?rest_route=\/wp\/v2\/pages\/67\/revisions"}],"predecessor-version":[{"id":401,"href":"https:\/\/originsproject.eu\/index.php?rest_route=\/wp\/v2\/pages\/67\/revisions\/401"}],"up":[{"embeddable":true,"href":"https:\/\/originsproject.eu\/index.php?rest_route=\/wp\/v2\/pages\/49"}],"wp:attachment":[{"href":"https:\/\/originsproject.eu\/index.php?rest_route=%2Fwp%2Fv2%2Fmedia&parent=67"}],"curies":[{"name":"wp","href":"https:\/\/api.w.org\/{rel}","templated":true}]}}