{"id":58,"date":"2019-07-24T14:30:54","date_gmt":"2019-07-24T14:30:54","guid":{"rendered":"https:\/\/originsproject.eu\/?page_id=58"},"modified":"2019-07-24T20:42:15","modified_gmt":"2019-07-24T20:42:15","slug":"communaute","status":"publish","type":"page","link":"https:\/\/originsproject.eu\/?page_id=58","title":{"rendered":"Communaut\u00e9"},"content":{"rendered":"\n<p>La communaut\u00e9 se retrouve principalement sur Discord. Un forum ancestral est toujours disponible mais son activit\u00e9 est tr\u00e8s r\u00e9duite.<\/p>\n\n\n\n<p><a target=\"_blank\" href=\"https:\/\/discord.gg\/39G3pju\" rel=\"noopener noreferrer\"><\/a><\/p>\n\n\n\n<div class=\"wp-block-image\"><figure class=\"aligncenter\"><a href=\"https:\/\/discord.gg\/39G3pju\" target=\"_blank\" rel=\"noopener noreferrer\"><img loading=\"lazy\" decoding=\"async\" width=\"200\" height=\"145\" src=\"https:\/\/originsproject.eu\/wp-content\/uploads\/2019\/07\/discord_logo.0-e1564000844578.png\" alt=\"\" class=\"wp-image-272\"\/><\/a><figcaption>Acc\u00e9der \u00e0 Discord<\/figcaption><\/figure><\/div>\n\n\n\n<div class=\"wp-block-image\"><figure class=\"aligncenter\"><a href=\"http:\/\/pokemonorigins.xooit.org\/index.php\" target=\"_blank\" rel=\"noopener noreferrer\"><img loading=\"lazy\" decoding=\"async\" width=\"850\" height=\"330\" src=\"https:\/\/originsproject.eu\/wp-content\/uploads\/2019\/07\/Banni\u00e8re.png\" alt=\"\" class=\"wp-image-14\" srcset=\"https:\/\/originsproject.eu\/wp-content\/uploads\/2019\/07\/Banni\u00e8re.png 850w, https:\/\/originsproject.eu\/wp-content\/uploads\/2019\/07\/Banni\u00e8re-300x116.png 300w, https:\/\/originsproject.eu\/wp-content\/uploads\/2019\/07\/Banni\u00e8re-768x298.png 768w\" sizes=\"auto, (max-width: 850px) 100vw, 850px\" \/><\/a><figcaption>Acc\u00e9der au forum<\/figcaption><\/figure><\/div>\n","protected":false},"excerpt":{"rendered":"La communaut\u00e9 se retrouve principalement sur Discord. Un forum ancestral est toujours disponible mais son activit\u00e9 est tr\u00e8s r\u00e9duite.","protected":false},"author":1,"featured_media":0,"parent":0,"menu_order":0,"comment_status":"closed","ping_status":"closed","template":"","meta":{"footnotes":""},"class_list":["post-58","page","type-page","status-publish","hentry"],"_links":{"self":[{"href":"https:\/\/originsproject.eu\/index.php?rest_route=\/wp\/v2\/pages\/58","targetHints":{"allow":["GET"]}}],"collection":[{"href":"https:\/\/originsproject.eu\/index.php?rest_route=\/wp\/v2\/pages"}],"about":[{"href":"https:\/\/originsproject.eu\/index.php?rest_route=\/wp\/v2\/types\/page"}],"author":[{"embeddable":true,"href":"https:\/\/originsproject.eu\/index.php?rest_route=\/wp\/v2\/users\/1"}],"replies":[{"embeddable":true,"href":"https:\/\/originsproject.eu\/index.php?rest_route=%2Fwp%2Fv2%2Fcomments&post=58"}],"version-history":[{"count":10,"href":"https:\/\/originsproject.eu\/index.php?rest_route=\/wp\/v2\/pages\/58\/revisions"}],"predecessor-version":[{"id":280,"href":"https:\/\/originsproject.eu\/index.php?rest_route=\/wp\/v2\/pages\/58\/revisions\/280"}],"wp:attachment":[{"href":"https:\/\/originsproject.eu\/index.php?rest_route=%2Fwp%2Fv2%2Fmedia&parent=58"}],"curies":[{"name":"wp","href":"https:\/\/api.w.org\/{rel}","templated":true}]}}