{"id":54,"date":"2019-07-24T14:30:31","date_gmt":"2019-07-24T14:30:31","guid":{"rendered":"https:\/\/originsproject.eu\/?page_id=54"},"modified":"2025-03-24T15:46:56","modified_gmt":"2025-03-24T15:46:56","slug":"telechargement","status":"publish","type":"page","link":"https:\/\/originsproject.eu\/?page_id=54","title":{"rendered":"T\u00e9l\u00e9chargement"},"content":{"rendered":"\n<p><\/p>\n\n\n\n<p>Vous pouvez t\u00e9l\u00e9charger le jeu en cliquant sur l&rsquo;image ci-dessous :<\/p>\n\n\n\n<a target=\"_blank\" href=\"https:\/\/www.mediafire.com\/file\/145dtuu5e5axqc6\/pokemon_origins_5.0.8.zip\/file\" rel=\"noopener noreferrer\"><div class=\"wp-block-image\"><figure class=\"aligncenter\"><img loading=\"lazy\" decoding=\"async\" width=\"300\" height=\"300\" src=\"https:\/\/originsproject.eu\/wp-content\/uploads\/2019\/07\/pochette2windows.png\" alt=\"\" class=\"wp-image-261\" srcset=\"https:\/\/originsproject.eu\/wp-content\/uploads\/2019\/07\/pochette2windows.png 300w, https:\/\/originsproject.eu\/wp-content\/uploads\/2019\/07\/pochette2windows-150x150.png 150w\" sizes=\"auto, (max-width: 300px) 100vw, 300px\" \/><\/figure><\/div><\/a>\n\n\n\n<p>En cas de probl\u00e8me, ou pour toute discussion concernant le jeu, n\u2019h\u00e9sitez pas \u00e0 nous rendre visite sur notre serveur Discord :<br><a rel=\"noreferrer noopener\" href=\"https:\/\/discord.gg\/JutmQsqN\" target=\"_blank\">https:\/\/discord.gg\/JutmQsqN<\/a><\/p>\n","protected":false},"excerpt":{"rendered":"Vous pouvez t\u00e9l\u00e9charger le jeu en cliquant sur l&rsquo;image ci-dessous : En cas de probl\u00e8me, ou pour toute discussion concernant le jeu, n\u2019h\u00e9sitez pas \u00e0 nous rendre visite sur notre serveur Discord :https:\/\/discord.gg\/JutmQsqN","protected":false},"author":1,"featured_media":0,"parent":0,"menu_order":0,"comment_status":"closed","ping_status":"closed","template":"","meta":{"footnotes":""},"class_list":["post-54","page","type-page","status-publish","hentry"],"_links":{"self":[{"href":"https:\/\/originsproject.eu\/index.php?rest_route=\/wp\/v2\/pages\/54","targetHints":{"allow":["GET"]}}],"collection":[{"href":"https:\/\/originsproject.eu\/index.php?rest_route=\/wp\/v2\/pages"}],"about":[{"href":"https:\/\/originsproject.eu\/index.php?rest_route=\/wp\/v2\/types\/page"}],"author":[{"embeddable":true,"href":"https:\/\/originsproject.eu\/index.php?rest_route=\/wp\/v2\/users\/1"}],"replies":[{"embeddable":true,"href":"https:\/\/originsproject.eu\/index.php?rest_route=%2Fwp%2Fv2%2Fcomments&post=54"}],"version-history":[{"count":12,"href":"https:\/\/originsproject.eu\/index.php?rest_route=\/wp\/v2\/pages\/54\/revisions"}],"predecessor-version":[{"id":612,"href":"https:\/\/originsproject.eu\/index.php?rest_route=\/wp\/v2\/pages\/54\/revisions\/612"}],"wp:attachment":[{"href":"https:\/\/originsproject.eu\/index.php?rest_route=%2Fwp%2Fv2%2Fmedia&parent=54"}],"curies":[{"name":"wp","href":"https:\/\/api.w.org\/{rel}","templated":true}]}}