{"id":502,"date":"2021-07-12T16:22:26","date_gmt":"2021-07-12T16:22:26","guid":{"rendered":"https:\/\/originsproject.eu\/?page_id=502"},"modified":"2026-01-28T18:43:12","modified_gmt":"2026-01-28T18:43:12","slug":"fanfiction","status":"publish","type":"page","link":"https:\/\/originsproject.eu\/?page_id=502","title":{"rendered":"Fanfiction"},"content":{"rendered":"\n<p class=\"has-text-align-center has-large-font-size\"><strong>Chapitre 1 : Renaissance<\/strong><\/p>\n\n\n\n<p style=\"font-size:25px\"><strong><a href=\"https:\/\/originsproject.eu\/archives\/507\"><\/a><strong><a href=\"https:\/\/originsproject.eu\/?p=507\" target=\"_blank\" rel=\"noreferrer noopener\">\u00c9pisode 1 : Le r\u00e9veil<\/a><\/strong><\/strong><br><strong><a href=\"https:\/\/originsproject.eu\/?p=518\" target=\"_blank\" rel=\"noreferrer noopener\">\u00c9pisode 2 : La mission<\/a><\/strong><br><strong><a href=\"https:\/\/originsproject.eu\/archives\/527\" target=\"_blank\" rel=\"noreferrer noopener\"> <\/a><strong><a href=\"https:\/\/originsproject.eu\/?p=527\" target=\"_blank\" rel=\"noreferrer noopener\">\u00c9pisode 3 : Le d\u00e9part<\/a><\/strong> <\/strong><br> <strong><a href=\"https:\/\/originsproject.eu\/?p=550\" target=\"_blank\" rel=\"noreferrer noopener\">\u00c9pisode 4 : Premi\u00e8re capture<\/a><\/strong><\/p>\n\n\n\n<p><\/p>\n\n\n\n<p><strong>\/!\\ Attention : les textes des mini-s\u00e9ries suivantes contiennent d\u2019importants spoils sur l\u2019histoire de Pok\u00e9mon Origins, et devraient \u00eatre lus uniquement apr\u00e8s avoir fini les 5 Chapitres disponibles dans le fan game.<\/strong><\/p>\n\n\n\n<p class=\"has-text-align-center has-large-font-size\"><strong>Le projet \u00ab\u00a0bougies\u00a0\u00bb<\/strong><\/p>\n\n\n\n<p style=\"font-size:25px\"><a href=\"https:\/\/originsproject.eu\/?p=574\" target=\"_blank\" rel=\"noreferrer noopener\">\u00c9pisode 1 : Loyaut\u00e9<\/a><br><a href=\"https:\/\/originsproject.eu\/?p=582\" target=\"_blank\" rel=\"noreferrer noopener\">\u00c9pisode 2 : Trahison<\/a><br><a href=\"https:\/\/originsproject.eu\/?p=588\" target=\"_blank\" rel=\"noreferrer noopener\">\u00c9pisode 3 : Cendres<\/a><br><a href=\"https:\/\/originsproject.eu\/?p=592\" target=\"_blank\" rel=\"noreferrer noopener\">\u00c9pisode 4 : Subsistance<\/a><\/p>\n\n\n\n<p class=\"has-text-align-center has-large-font-size\"><strong>La chute du ph\u00e9nix<\/strong><\/p>\n\n\n\n<p style=\"font-size:25px\"><a href=\"https:\/\/originsproject.eu\/?p=597\" target=\"_blank\" rel=\"noreferrer noopener\">\u00c9pisode 1 : Envol<\/a><br><a href=\"https:\/\/originsproject.eu\/?p=602\" target=\"_blank\" rel=\"noreferrer noopener\">\u00c9pisode 2 : Sommets<\/a><br><a href=\"https:\/\/originsproject.eu\/?p=607\" target=\"_blank\" rel=\"noreferrer noopener\">\u00c9pisode 3 : Illusions<\/a><\/p>\n\n\n\n<p class=\"has-text-align-center has-large-font-size\"><strong>Les m\u00e9moires de Gens\u00eel<\/strong><\/p>\n\n\n\n<p style=\"font-size:25px\"><a href=\"https:\/\/originsproject.eu\/?p=615\" target=\"_blank\" rel=\"noreferrer noopener\">\u00c9pisode 1 : Destin\u00e9e<\/a><br><a href=\"https:\/\/originsproject.eu\/?p=620\" target=\"_blank\" rel=\"noreferrer noopener\"><\/a><a href=\"https:\/\/originsproject.eu\/?p=620\" target=\"_blank\" rel=\"noreferrer noopener\">\u00c9pisode 2 : Fonction<\/a><br><a href=\"https:\/\/originsproject.eu\/?p=624\" target=\"_blank\" rel=\"noreferrer noopener\">\u00c9pisode 3 : L&rsquo;envoy\u00e9<\/a><\/p>\n\n\n\n<p class=\"has-text-align-center has-large-font-size\"><strong>Les ultimes chroniques d&rsquo;Elenos<\/strong><\/p>\n\n\n\n<p><strong><strong>\/<\/strong>!\\ <strong>Cette s\u00e9rie a pour but de conclure l\u2019histoire de Pok\u00e9mon Origins, et devrait \u00eatre lue uniquement apr\u00e8s avoir fini les 5 Chapitres disponibles dans le fan game ainsi que les autres fictions de notre site web<\/strong>.<\/strong><\/p>\n\n\n\n<p style=\"font-size:25px\"><a href=\"https:\/\/originsproject.eu\/?p=634\" target=\"_blank\" rel=\"noreferrer noopener\"><a href=\"https:\/\/originsproject.eu\/?p=634\" target=\"_blank\" rel=\"noreferrer noopener\">\u00c9pisode 1 : Le dernier h\u00e9ritier du d\u00e9sert<\/a><\/a><br><a href=\"https:\/\/originsproject.eu\/?p=640\" target=\"_blank\" rel=\"noreferrer noopener\">\u00c9pisode 2 : Notre foyer<\/a><\/p>\n","protected":false},"excerpt":{"rendered":"Chapitre 1 : Renaissance \u00c9pisode 1 : Le r\u00e9veil\u00c9pisode 2 : La mission \u00c9pisode 3 : Le d\u00e9part \u00c9pisode 4 : Premi\u00e8re capture \/!\\ Attention : les textes des mini-s\u00e9ries suivantes contiennent d\u2019importants spoils sur l\u2019histoire de Pok\u00e9mon Origins, et devraient \u00eatre lus uniquement apr\u00e8s avoir fini les 5 Chapitres [&hellip;]","protected":false},"author":4,"featured_media":0,"parent":0,"menu_order":0,"comment_status":"closed","ping_status":"closed","template":"","meta":{"footnotes":""},"class_list":["post-502","page","type-page","status-publish","hentry"],"_links":{"self":[{"href":"https:\/\/originsproject.eu\/index.php?rest_route=\/wp\/v2\/pages\/502","targetHints":{"allow":["GET"]}}],"collection":[{"href":"https:\/\/originsproject.eu\/index.php?rest_route=\/wp\/v2\/pages"}],"about":[{"href":"https:\/\/originsproject.eu\/index.php?rest_route=\/wp\/v2\/types\/page"}],"author":[{"embeddable":true,"href":"https:\/\/originsproject.eu\/index.php?rest_route=\/wp\/v2\/users\/4"}],"replies":[{"embeddable":true,"href":"https:\/\/originsproject.eu\/index.php?rest_route=%2Fwp%2Fv2%2Fcomments&post=502"}],"version-history":[{"count":28,"href":"https:\/\/originsproject.eu\/index.php?rest_route=\/wp\/v2\/pages\/502\/revisions"}],"predecessor-version":[{"id":643,"href":"https:\/\/originsproject.eu\/index.php?rest_route=\/wp\/v2\/pages\/502\/revisions\/643"}],"wp:attachment":[{"href":"https:\/\/originsproject.eu\/index.php?rest_route=%2Fwp%2Fv2%2Fmedia&parent=502"}],"curies":[{"name":"wp","href":"https:\/\/api.w.org\/{rel}","templated":true}]}}