{"id":292,"date":"2019-07-25T13:42:41","date_gmt":"2019-07-25T13:42:41","guid":{"rendered":"https:\/\/originsproject.eu\/?page_id=292"},"modified":"2019-11-16T17:46:02","modified_gmt":"2019-11-16T17:46:02","slug":"credits","status":"publish","type":"page","link":"https:\/\/originsproject.eu\/?page_id=292","title":{"rendered":"Cr\u00e9dits"},"content":{"rendered":"<div class=\"article\">\n<div>\n<p>Fan game r\u00e9alis\u00e9 avec RPG Maker XP et le starter-kit Pok\u00e9mon Script Project Version 0.7<\/p>\n<div id=\"credits\"><\/div>\n<p>Enfin, un grand merci \u00e0 la communaut\u00e9 du forum Pok\u00e9mon Script Project qui a \u00e9t\u00e9 formatrice a bien des \u00e9gards<br \/>pour certains membres de l&rsquo;\u00e9quipe.<\/p>\n<\/div>\n<\/div>\n\n\n<p>Toutes les marques d\u00e9pos\u00e9es, marques de service et noms commerciaux sont la propri\u00e9t\u00e9 de Pok\u00e9mon La Soci\u00e9t\u00e9 et \/ ou de Pok\u00e9mon USA, Inc ou de ses filiales. Ce projet est en distribution gratuite, toute tentative de vente ou de commercialisation est strictement interdite. Tous les \u00e9l\u00e9ments contenant le nom Pok\u00e9mon sont la propri\u00e9t\u00e9 de The Pok\u00e9mon Company et \/ ou de Pok\u00e9mon USA, Inc ou de ses filiales ou soci\u00e9t\u00e9s affili\u00e9es et \/ ou de tiers possesseurs de la licence. Pok\u00e9mon n\u2019a pas accord\u00e9 l\u2019autorisation d\u2019utiliser son nom ou son image pour ce projet.<\/p>\n\n\n\n<p>Pok\u00e9mon Origins est un jeu totalement gratuit, ne cherche pas \u00e0 nuire \u00e0 la licence originale, et est propos\u00e9 dans le seul but d\u2019amuser les fans de la s\u00e9rie, mais en cas de demande de la part de Nintendo ou de The Pok\u00e9mon Company, le d\u00e9veloppement du jeu peut arr\u00eater \u00e0 tout moment.<\/p>\n","protected":false},"excerpt":{"rendered":"Fan game r\u00e9alis\u00e9 avec RPG Maker XP et le starter-kit Pok\u00e9mon Script Project Version 0.7 Enfin, un grand merci \u00e0 la communaut\u00e9 du forum Pok\u00e9mon Script Project qui a \u00e9t\u00e9 formatrice a bien des \u00e9gardspour certains membres de l&rsquo;\u00e9quipe. Toutes les marques d\u00e9pos\u00e9es, marques de service et noms commerciaux sont [&hellip;]","protected":false},"author":4,"featured_media":0,"parent":0,"menu_order":0,"comment_status":"closed","ping_status":"closed","template":"","meta":{"footnotes":""},"class_list":["post-292","page","type-page","status-publish","hentry"],"_links":{"self":[{"href":"https:\/\/originsproject.eu\/index.php?rest_route=\/wp\/v2\/pages\/292","targetHints":{"allow":["GET"]}}],"collection":[{"href":"https:\/\/originsproject.eu\/index.php?rest_route=\/wp\/v2\/pages"}],"about":[{"href":"https:\/\/originsproject.eu\/index.php?rest_route=\/wp\/v2\/types\/page"}],"author":[{"embeddable":true,"href":"https:\/\/originsproject.eu\/index.php?rest_route=\/wp\/v2\/users\/4"}],"replies":[{"embeddable":true,"href":"https:\/\/originsproject.eu\/index.php?rest_route=%2Fwp%2Fv2%2Fcomments&post=292"}],"version-history":[{"count":5,"href":"https:\/\/originsproject.eu\/index.php?rest_route=\/wp\/v2\/pages\/292\/revisions"}],"predecessor-version":[{"id":463,"href":"https:\/\/originsproject.eu\/index.php?rest_route=\/wp\/v2\/pages\/292\/revisions\/463"}],"wp:attachment":[{"href":"https:\/\/originsproject.eu\/index.php?rest_route=%2Fwp%2Fv2%2Fmedia&parent=292"}],"curies":[{"name":"wp","href":"https:\/\/api.w.org\/{rel}","templated":true}]}}