{"id":2,"date":"2019-07-24T03:28:11","date_gmt":"2019-07-24T03:28:11","guid":{"rendered":"http:\/\/145.239.75.80\/?page_id=2"},"modified":"2019-07-27T13:40:12","modified_gmt":"2019-07-27T13:40:12","slug":"sample-page","status":"publish","type":"page","link":"https:\/\/originsproject.eu\/","title":{"rendered":"Description"},"content":{"rendered":"\n<h2 class=\"wp-block-heading\" style=\"text-align:center\">Votre histoire commence&#8230;<\/h2>\n\n\n\n<p style=\"text-align:center\">Pok\u00e9mon Origins est un fangame r\u00e9alis\u00e9 sur le logiciel RPG Maker XP. Il est jouable sur tout ordinateur Windows.<br><br>Vous vous r\u00e9veillez dans un petit village en r\u00e9alisant que vous avez perdu vos souvenirs&#8230; Les personnes qui vous ont recueilli vous expliquent que vous vous trouvez dans un camp de r\u00e9fugi\u00e9s. La r\u00e9gion d&rsquo;Elenos est ravag\u00e9e par un conflit entre 4 puissantes organisations, des Confr\u00e9ries qui v\u00e9n\u00e8rent chacune un \u00e9l\u00e9ment : l&rsquo;Eau, la Terre, le Vent et le Feu. En qu\u00eate de vos souvenirs et touch\u00e9 par la d\u00e9tresse de ces gens, vous d\u00e9cidez de vous opposer \u00e0 ces organisations et de tout faire pour rendre sa libert\u00e9 \u00e0 Elenos.<\/p>\n\n\n\n<p style=\"text-align:center\">Vote destin est de vous engager dans ce conflit et de faire valoir vos id\u00e9aux de libert\u00e9 nouvellement acquis. Mais&#8230; Le d\u00e9sir de comprendre vos origines sera-t-il plus fort que le d\u00e9sir de libert\u00e9 ?  <\/p>\n\n\n\n<p style=\"text-align:center\"> Qui \u00eates-vous r\u00e9ellement ?<\/p>\n\n\n\n<p><\/p>\n","protected":false},"excerpt":{"rendered":"Votre histoire commence&#8230; Pok\u00e9mon Origins est un fangame r\u00e9alis\u00e9 sur le logiciel RPG Maker XP. Il est jouable sur tout ordinateur Windows.Vous vous r\u00e9veillez dans un petit village en r\u00e9alisant que vous avez perdu vos souvenirs&#8230; Les personnes qui vous ont recueilli vous expliquent que vous vous trouvez dans un [&hellip;]","protected":false},"author":1,"featured_media":0,"parent":0,"menu_order":0,"comment_status":"closed","ping_status":"open","template":"","meta":{"footnotes":""},"class_list":["post-2","page","type-page","status-publish","hentry"],"_links":{"self":[{"href":"https:\/\/originsproject.eu\/index.php?rest_route=\/wp\/v2\/pages\/2","targetHints":{"allow":["GET"]}}],"collection":[{"href":"https:\/\/originsproject.eu\/index.php?rest_route=\/wp\/v2\/pages"}],"about":[{"href":"https:\/\/originsproject.eu\/index.php?rest_route=\/wp\/v2\/types\/page"}],"author":[{"embeddable":true,"href":"https:\/\/originsproject.eu\/index.php?rest_route=\/wp\/v2\/users\/1"}],"replies":[{"embeddable":true,"href":"https:\/\/originsproject.eu\/index.php?rest_route=%2Fwp%2Fv2%2Fcomments&post=2"}],"version-history":[{"count":17,"href":"https:\/\/originsproject.eu\/index.php?rest_route=\/wp\/v2\/pages\/2\/revisions"}],"predecessor-version":[{"id":385,"href":"https:\/\/originsproject.eu\/index.php?rest_route=\/wp\/v2\/pages\/2\/revisions\/385"}],"wp:attachment":[{"href":"https:\/\/originsproject.eu\/index.php?rest_route=%2Fwp%2Fv2%2Fmedia&parent=2"}],"curies":[{"name":"wp","href":"https:\/\/api.w.org\/{rel}","templated":true}]}}